{"id":3430,"date":"2026-03-16T08:09:50","date_gmt":"2026-03-16T08:09:50","guid":{"rendered":"https:\/\/racreformas.es\/?page_id=3430"},"modified":"2026-03-16T08:52:08","modified_gmt":"2026-03-16T08:52:08","slug":"aviso-legal","status":"publish","type":"page","link":"https:\/\/racreformas.es\/en\/aviso-legal\/","title":{"rendered":"Aviso Legal"},"content":{"rendered":"<div data-elementor-type=\"wp-page\" data-elementor-id=\"3430\" class=\"elementor elementor-3430\">\n\t\t\t\t<div class=\"elementor-element elementor-element-a0181e2 e-flex e-con-boxed e-con e-parent\" data-id=\"a0181e2\" data-element_type=\"container\" data-e-type=\"container\">\n\t\t\t\t\t<div class=\"e-con-inner\">\n\t\t\t\t<div class=\"elementor-element elementor-element-1c42bbc elementor-widget elementor-widget-heading\" data-id=\"1c42bbc\" data-element_type=\"widget\" data-e-type=\"widget\" data-widget_type=\"heading.default\">\n\t\t\t\t<div class=\"elementor-widget-container\">\n\t\t\t\t\t<h2 class=\"elementor-heading-title elementor-size-default\">Aviso Legal<\/h2>\t\t\t\t<\/div>\n\t\t\t\t<\/div>\n\t\t\t\t<div class=\"elementor-element elementor-element-0fb1256 elementor-widget elementor-widget-text-editor\" data-id=\"0fb1256\" data-element_type=\"widget\" data-e-type=\"widget\" data-widget_type=\"text-editor.default\">\n\t\t\t\t<div class=\"elementor-widget-container\">\n\t\t\t\t\t\t\t\t\t<h2 data-section-id=\"9s92c6\" data-start=\"206\" data-end=\"233\">1. Datos identificativos<\/h2><p data-start=\"235\" data-end=\"442\">En cumplimiento con el deber de informaci\u00f3n recogido en la <strong data-start=\"294\" data-end=\"391\">Ley 34\/2002 de Servicios de la Sociedad de la Informaci\u00f3n y de Comercio Electr\u00f3nico (LSSI-CE)<\/strong>, se informa que el presente sitio web pertenece a:<\/p><p data-start=\"444\" data-end=\"662\"><strong data-start=\"444\" data-end=\"465\">Nombre comercial:<\/strong> RAC Reformas<br data-start=\"478\" data-end=\"481\" \/><strong data-start=\"481\" data-end=\"498\">Raz\u00f3n social:<\/strong> AJE Event Producciones SL<br data-start=\"524\" data-end=\"527\" \/><strong data-start=\"527\" data-end=\"535\">CIF:<\/strong> B10839017<br data-start=\"545\" data-end=\"548\" \/><strong data-start=\"548\" data-end=\"562\">Direcci\u00f3n:<\/strong> Calle Nen\u00fafar 6<br data-start=\"578\" data-end=\"581\" \/><strong data-start=\"581\" data-end=\"594\">Tel\u00e9fono:<\/strong> 607 647 517<br data-start=\"606\" data-end=\"609\" \/><strong data-start=\"609\" data-end=\"632\">Correo electr\u00f3nico:<\/strong> <a class=\"decorated-link cursor-pointer\" rel=\"noopener\" data-start=\"633\" data-end=\"660\">rac.reforms.spain@gmail.com<\/a><\/p><p data-start=\"664\" data-end=\"840\">El acceso y uso de este sitio web atribuye la condici\u00f3n de usuario e implica la aceptaci\u00f3n plena y sin reservas de todas las disposiciones incluidas en el presente Aviso Legal.<\/p><hr data-start=\"842\" data-end=\"845\" \/><h2 data-section-id=\"ejv8io\" data-start=\"847\" data-end=\"859\">2. Objeto<\/h2><p data-start=\"861\" data-end=\"1052\">El presente sitio web tiene como finalidad ofrecer informaci\u00f3n sobre los servicios profesionales de reformas, construcci\u00f3n y mantenimiento realizados por RAC Reformas, incluyendo trabajos de:<\/p><ul data-start=\"1054\" data-end=\"1198\"><li data-section-id=\"6d45sz\" data-start=\"1054\" data-end=\"1077\"><p data-start=\"1056\" data-end=\"1077\">Reformas integrales<\/p><\/li><li data-section-id=\"q5x1d5\" data-start=\"1078\" data-end=\"1093\"><p data-start=\"1080\" data-end=\"1093\">Bricklaying<\/p><\/li><li data-section-id=\"1xv753q\" data-start=\"1094\" data-end=\"1104\"><p data-start=\"1096\" data-end=\"1104\">Plasterboard<\/p><\/li><li data-section-id=\"1brp60w\" data-start=\"1105\" data-end=\"1120\"><p data-start=\"1107\" data-end=\"1120\">Carpentry<\/p><\/li><li data-section-id=\"11nu7f4\" data-start=\"1121\" data-end=\"1134\"><p data-start=\"1123\" data-end=\"1134\">Tiled<\/p><\/li><li data-section-id=\"1avow5f\" data-start=\"1135\" data-end=\"1146\"><p data-start=\"1137\" data-end=\"1146\">Flooring<\/p><\/li><li data-section-id=\"qxdtj4\" data-start=\"1147\" data-end=\"1169\"><p data-start=\"1149\" data-end=\"1169\">Waterproofing<\/p><\/li><li data-section-id=\"alteco\" data-start=\"1170\" data-end=\"1198\"><p data-start=\"1172\" data-end=\"1198\">Construcci\u00f3n de obra nueva<\/p><\/li><\/ul><p data-start=\"1200\" data-end=\"1300\">Los contenidos de esta p\u00e1gina tienen car\u00e1cter informativo y pueden ser modificados sin previo aviso.<\/p><hr data-start=\"1302\" data-end=\"1305\" \/><h2 data-section-id=\"1rjze1u\" data-start=\"1307\" data-end=\"1331\">3. Condiciones de uso<\/h2><p data-start=\"1333\" data-end=\"1479\">El usuario se compromete a utilizar el sitio web de conformidad con la ley, el presente Aviso Legal y las buenas pr\u00e1cticas generalmente aceptadas.<\/p><p data-start=\"1481\" data-end=\"1497\">Queda prohibido:<\/p><ul data-start=\"1499\" data-end=\"1725\"><li data-section-id=\"q52gqm\" data-start=\"1499\" data-end=\"1560\"><p data-start=\"1501\" data-end=\"1560\">Realizar actividades il\u00edcitas o contrarias a la buena fe.<\/p><\/li><li data-section-id=\"7xukte\" data-start=\"1561\" data-end=\"1619\"><p data-start=\"1563\" data-end=\"1619\">Intentar da\u00f1ar, inutilizar o sobrecargar el sitio web.<\/p><\/li><li data-section-id=\"8euyu0\" data-start=\"1620\" data-end=\"1725\"><p data-start=\"1622\" data-end=\"1725\">Introducir virus inform\u00e1ticos o cualquier sistema que pueda provocar da\u00f1os en los sistemas del titular.<\/p><\/li><\/ul><hr data-start=\"1727\" data-end=\"1730\" \/><h2 data-section-id=\"auocu5\" data-start=\"1732\" data-end=\"1772\">4. Propiedad intelectual e industrial<\/h2><p data-start=\"1774\" data-end=\"1960\">Todos los contenidos del sitio web, incluyendo textos, im\u00e1genes, logotipos, dise\u00f1o, estructura y elementos gr\u00e1ficos, son propiedad de <strong data-start=\"1908\" data-end=\"1924\">RAC Reformas<\/strong> o cuentan con licencia para su uso.<\/p><p data-start=\"1962\" data-end=\"2082\">Queda prohibida la reproducci\u00f3n, distribuci\u00f3n o modificaci\u00f3n de cualquier contenido sin autorizaci\u00f3n previa del titular.<\/p><hr data-start=\"2084\" data-end=\"2087\" \/><h2 data-section-id=\"1vrq4t2\" data-start=\"2089\" data-end=\"2110\">5. Responsabilidad<\/h2><p data-start=\"2112\" data-end=\"2350\">RAC Reformas no se responsabiliza de los da\u00f1os o perjuicios que puedan derivarse del uso de la informaci\u00f3n contenida en este sitio web ni de la presencia de virus u otros elementos que puedan alterar los sistemas inform\u00e1ticos del usuario.<\/p><p data-start=\"2352\" data-end=\"2503\">Tampoco se garantiza la disponibilidad continua del sitio web, aunque se realizar\u00e1n todos los esfuerzos necesarios para mantener el servicio operativo.<\/p><hr data-start=\"2505\" data-end=\"2508\" \/><h2 data-section-id=\"s2nkiq\" data-start=\"2510\" data-end=\"2532\">6. Enlaces externos<\/h2><p data-start=\"2534\" data-end=\"2702\">En caso de que el sitio web contenga enlaces a p\u00e1ginas de terceros, RAC Reformas no se responsabiliza del contenido ni de las pol\u00edticas de privacidad de dichas p\u00e1ginas.<\/p><hr data-start=\"2704\" data-end=\"2707\" \/><h2 data-section-id=\"1sm3q3z\" data-start=\"2709\" data-end=\"2736\">7. Legislaci\u00f3n aplicable<\/h2><p data-start=\"2738\" data-end=\"2839\">La relaci\u00f3n entre el titular del sitio web y el usuario se regir\u00e1 por la normativa vigente en Espa\u00f1a.<\/p><p data-start=\"2841\" data-end=\"2956\">Cualquier controversia se someter\u00e1 a los juzgados y tribunales correspondientes conforme a la legislaci\u00f3n espa\u00f1ola.<\/p>\t\t\t\t\t\t\t\t<\/div>\n\t\t\t\t<\/div>\n\t\t\t\t\t<\/div>\n\t\t\t\t<\/div>\n\t\t\t\t<\/div>","protected":false},"excerpt":{"rendered":"<p>Aviso Legal 1. Datos identificativos En cumplimiento con el deber de informaci\u00f3n recogido en la Ley 34\/2002 de Servicios de la Sociedad de la Informaci\u00f3n y de Comercio Electr\u00f3nico (LSSI-CE), se informa que el presente sitio web pertenece a: Nombre comercial: RAC ReformasRaz\u00f3n social: AJE Event Producciones SLCIF: B10839017Direcci\u00f3n: Calle Nen\u00fafar 6Tel\u00e9fono: 607 647 517Correo [&hellip;]<\/p>\n","protected":false},"author":1,"featured_media":0,"parent":0,"menu_order":0,"comment_status":"closed","ping_status":"closed","template":"","meta":{"_uag_custom_page_level_css":"","site-sidebar-layout":"no-sidebar","site-content-layout":"page-builder","ast-site-content-layout":"full-width-container","site-content-style":"default","site-sidebar-style":"default","ast-global-header-display":"","ast-banner-title-visibility":"","ast-main-header-display":"","ast-hfb-above-header-display":"","ast-hfb-below-header-display":"","ast-hfb-mobile-header-display":"","site-post-title":"disabled","ast-breadcrumbs-content":"","ast-featured-img":"disabled","footer-sml-layout":"","ast-disable-related-posts":"","theme-transparent-header-meta":"","adv-header-id-meta":"","stick-header-meta":"","header-above-stick-meta":"","header-main-stick-meta":"","header-below-stick-meta":"","astra-migrate-meta-layouts":"set","ast-page-background-enabled":"default","ast-page-background-meta":{"desktop":{"background-color":"","background-image":"","background-repeat":"repeat","background-position":"center center","background-size":"auto","background-attachment":"scroll","background-type":"","background-media":"","overlay-type":"","overlay-color":"","overlay-opacity":"","overlay-gradient":""},"tablet":{"background-color":"","background-image":"","background-repeat":"repeat","background-position":"center center","background-size":"auto","background-attachment":"scroll","background-type":"","background-media":"","overlay-type":"","overlay-color":"","overlay-opacity":"","overlay-gradient":""},"mobile":{"background-color":"","background-image":"","background-repeat":"repeat","background-position":"center center","background-size":"auto","background-attachment":"scroll","background-type":"","background-media":"","overlay-type":"","overlay-color":"","overlay-opacity":"","overlay-gradient":""}},"ast-content-background-meta":{"desktop":{"background-color":"var(--ast-global-color-5)","background-image":"","background-repeat":"repeat","background-position":"center center","background-size":"auto","background-attachment":"scroll","background-type":"","background-media":"","overlay-type":"","overlay-color":"","overlay-opacity":"","overlay-gradient":""},"tablet":{"background-color":"var(--ast-global-color-5)","background-image":"","background-repeat":"repeat","background-position":"center center","background-size":"auto","background-attachment":"scroll","background-type":"","background-media":"","overlay-type":"","overlay-color":"","overlay-opacity":"","overlay-gradient":""},"mobile":{"background-color":"var(--ast-global-color-5)","background-image":"","background-repeat":"repeat","background-position":"center center","background-size":"auto","background-attachment":"scroll","background-type":"","background-media":"","overlay-type":"","overlay-color":"","overlay-opacity":"","overlay-gradient":""}},"footnotes":""},"class_list":["post-3430","page","type-page","status-publish","hentry"],"aioseo_notices":[],"_hostinger_reach_plugin_has_subscription_block":false,"_hostinger_reach_plugin_is_elementor":false,"uagb_featured_image_src":{"full":false,"thumbnail":false,"medium":false,"medium_large":false,"large":false,"1536x1536":false,"2048x2048":false,"trp-custom-language-flag":false},"uagb_author_info":{"display_name":"racreformas4@gmail.com","author_link":"https:\/\/racreformas.es\/en\/author\/racreformas4gmail-com\/"},"uagb_comment_info":0,"uagb_excerpt":"Aviso Legal 1. Datos identificativos En cumplimiento con el deber de informaci\u00f3n recogido en la Ley 34\/2002 de Servicios de la Sociedad de la Informaci\u00f3n y de Comercio Electr\u00f3nico (LSSI-CE), se informa que el presente sitio web pertenece a: Nombre comercial: RAC ReformasRaz\u00f3n social: AJE Event Producciones SLCIF: B10839017Direcci\u00f3n: Calle Nen\u00fafar 6Tel\u00e9fono: 607 647 517Correo&hellip;","_links":{"self":[{"href":"https:\/\/racreformas.es\/en\/wp-json\/wp\/v2\/pages\/3430","targetHints":{"allow":["GET"]}}],"collection":[{"href":"https:\/\/racreformas.es\/en\/wp-json\/wp\/v2\/pages"}],"about":[{"href":"https:\/\/racreformas.es\/en\/wp-json\/wp\/v2\/types\/page"}],"author":[{"embeddable":true,"href":"https:\/\/racreformas.es\/en\/wp-json\/wp\/v2\/users\/1"}],"replies":[{"embeddable":true,"href":"https:\/\/racreformas.es\/en\/wp-json\/wp\/v2\/comments?post=3430"}],"version-history":[{"count":10,"href":"https:\/\/racreformas.es\/en\/wp-json\/wp\/v2\/pages\/3430\/revisions"}],"predecessor-version":[{"id":3461,"href":"https:\/\/racreformas.es\/en\/wp-json\/wp\/v2\/pages\/3430\/revisions\/3461"}],"wp:attachment":[{"href":"https:\/\/racreformas.es\/en\/wp-json\/wp\/v2\/media?parent=3430"}],"curies":[{"name":"wp","href":"https:\/\/api.w.org\/{rel}","templated":true}]}}