{"id":3440,"date":"2026-03-16T08:14:38","date_gmt":"2026-03-16T08:14:38","guid":{"rendered":"https:\/\/racreformas.es\/?page_id=3440"},"modified":"2026-03-16T08:53:51","modified_gmt":"2026-03-16T08:53:51","slug":"politica-de-cookies","status":"publish","type":"page","link":"https:\/\/racreformas.es\/en\/politica-de-cookies\/","title":{"rendered":"Pol\u00edtica de Cookies"},"content":{"rendered":"<div data-elementor-type=\"wp-page\" data-elementor-id=\"3440\" class=\"elementor elementor-3440\">\n\t\t\t\t<div class=\"elementor-element elementor-element-8c128bb e-flex e-con-boxed e-con e-parent\" data-id=\"8c128bb\" data-element_type=\"container\" data-e-type=\"container\">\n\t\t\t\t\t<div class=\"e-con-inner\">\n\t\t\t\t<div class=\"elementor-element elementor-element-c792220 elementor-widget elementor-widget-heading\" data-id=\"c792220\" data-element_type=\"widget\" data-e-type=\"widget\" data-widget_type=\"heading.default\">\n\t\t\t\t<div class=\"elementor-widget-container\">\n\t\t\t\t\t<h2 class=\"elementor-heading-title elementor-size-default\">Pol\u00edtica de Cookies<\/h2>\t\t\t\t<\/div>\n\t\t\t\t<\/div>\n\t\t\t\t<div class=\"elementor-element elementor-element-582ce71 elementor-widget elementor-widget-text-editor\" data-id=\"582ce71\" data-element_type=\"widget\" data-e-type=\"widget\" data-widget_type=\"text-editor.default\">\n\t\t\t\t<div class=\"elementor-widget-container\">\n\t\t\t\t\t\t\t\t\t<h2 data-section-id=\"1q78kfg\" data-start=\"170\" data-end=\"197\">1. \u00bfQu\u00e9 son las cookies?<\/h2><p data-start=\"199\" data-end=\"533\">Las cookies son peque\u00f1os archivos de texto que se almacenan en el navegador del usuario cuando visita un sitio web. Su funci\u00f3n principal es recordar informaci\u00f3n sobre la visita para mejorar la experiencia de navegaci\u00f3n, permitir determinadas funcionalidades del sitio web y recopilar informaci\u00f3n estad\u00edstica sobre el uso de la p\u00e1gina.<\/p><hr data-start=\"535\" data-end=\"538\" \/><h2 data-section-id=\"gr1rey\" data-start=\"540\" data-end=\"591\">2. Tipos de cookies utilizadas en este sitio web<\/h2><p data-start=\"593\" data-end=\"655\">Este sitio web puede utilizar los siguientes tipos de cookies:<\/p><h3 data-section-id=\"f4tatc\" data-start=\"657\" data-end=\"690\">Cookies t\u00e9cnicas o necesarias<\/h3><p data-start=\"691\" data-end=\"859\">Son aquellas indispensables para el correcto funcionamiento del sitio web y permiten la navegaci\u00f3n y el uso de las diferentes opciones o servicios que ofrece la p\u00e1gina.<\/p><h3 data-section-id=\"6ve7pu\" data-start=\"861\" data-end=\"884\">Cookies de an\u00e1lisis<\/h3><p data-start=\"885\" data-end=\"1065\">Estas cookies permiten analizar el comportamiento de los usuarios en el sitio web con el objetivo de mejorar los contenidos, los servicios ofrecidos y la experiencia de navegaci\u00f3n.<\/p><h3 data-section-id=\"1l4xv71\" data-start=\"1067\" data-end=\"1097\">Cookies de personalizaci\u00f3n<\/h3><p data-start=\"1098\" data-end=\"1198\">Permiten recordar preferencias del usuario, como idioma, tipo de navegador o configuraci\u00f3n regional.<\/p><h3 data-section-id=\"wey66z\" data-start=\"1200\" data-end=\"1223\">Cookies de terceros<\/h3><p data-start=\"1224\" data-end=\"1382\">En algunos casos pueden instalarse cookies de servicios externos utilizados en el sitio web, como herramientas de an\u00e1lisis o servicios integrados de terceros.<\/p><hr data-start=\"1384\" data-end=\"1387\" \/><h2 data-section-id=\"1sh7l1n\" data-start=\"1389\" data-end=\"1429\">3. Gesti\u00f3n y desactivaci\u00f3n de cookies<\/h2><p data-start=\"1431\" data-end=\"1572\">El usuario puede permitir, bloquear o eliminar las cookies instaladas en su equipo mediante la configuraci\u00f3n de las opciones de su navegador.<\/p><p data-start=\"1574\" data-end=\"1673\">A continuaci\u00f3n, se indican enlaces a la configuraci\u00f3n de cookies en los navegadores m\u00e1s utilizados:<\/p><p data-start=\"1675\" data-end=\"1741\"><strong data-start=\"1675\" data-end=\"1692\">Google Chrome<\/strong><br data-start=\"1692\" data-end=\"1695\" \/><a class=\"decorated-link\" href=\"https:\/\/support.google.com\/chrome\/answer\/95647\" target=\"_new\" rel=\"noopener\" data-start=\"1695\" data-end=\"1741\">https:\/\/support.google.com\/chrome\/answer\/95647<\/a><\/p><p data-start=\"1743\" data-end=\"1831\"><strong data-start=\"1743\" data-end=\"1762\">Mozilla Firefox<\/strong><br data-start=\"1762\" data-end=\"1765\" \/><a class=\"decorated-link cursor-pointer\" target=\"_new\" rel=\"noopener\" data-start=\"1765\" data-end=\"1831\">https:\/\/support.mozilla.org\/es\/kb\/habilitar-y-deshabilitar-cookies<\/a><\/p><p data-start=\"1833\" data-end=\"1890\"><strong data-start=\"1833\" data-end=\"1843\">Safari<\/strong><br data-start=\"1843\" data-end=\"1846\" \/><a class=\"decorated-link cursor-pointer\" target=\"_new\" rel=\"noopener\" data-start=\"1846\" data-end=\"1890\">https:\/\/support.apple.com\/es-es\/guide\/safari<\/a><\/p><p data-start=\"1892\" data-end=\"1963\"><strong data-start=\"1892\" data-end=\"1910\">Microsoft Edge<\/strong><br data-start=\"1910\" data-end=\"1913\" \/><a class=\"decorated-link\" href=\"https:\/\/support.microsoft.com\/es-es\/microsoft-edge\" target=\"_new\" rel=\"noopener\" data-start=\"1913\" data-end=\"1963\">https:\/\/support.microsoft.com\/es-es\/microsoft-edge<\/a><\/p><p data-start=\"1965\" data-end=\"2056\">La desactivaci\u00f3n de algunas cookies puede afectar al correcto funcionamiento del sitio web.<\/p><hr data-start=\"2058\" data-end=\"2061\" \/><h2 data-section-id=\"5jf90w\" data-start=\"2063\" data-end=\"2099\">4. Cookies utilizadas en esta web<\/h2><p data-start=\"2101\" data-end=\"2252\">Este sitio web puede utilizar cookies propias y de terceros con fines t\u00e9cnicos y anal\u00edticos para mejorar la navegaci\u00f3n y analizar el uso del sitio web.<\/p><p data-start=\"2254\" data-end=\"2466\">En caso de utilizar herramientas externas como <strong data-start=\"2301\" data-end=\"2351\">Google Analytics u otros servicios de medici\u00f3n<\/strong>, estas podr\u00e1n instalar cookies anal\u00edticas para obtener informaci\u00f3n estad\u00edstica an\u00f3nima sobre el uso del sitio web.<\/p><hr data-start=\"2468\" data-end=\"2471\" \/><h2 data-section-id=\"1e8mwvi\" data-start=\"2473\" data-end=\"2518\">5. Actualizaci\u00f3n de la pol\u00edtica de cookies<\/h2><p data-start=\"2520\" data-end=\"2695\">RAC Reformas puede modificar la presente Pol\u00edtica de Cookies en funci\u00f3n de exigencias legislativas o con el objetivo de adaptarla a cambios en el funcionamiento del sitio web.<\/p><p data-start=\"2697\" data-end=\"2825\">Se recomienda al usuario revisar peri\u00f3dicamente esta pol\u00edtica para estar informado sobre c\u00f3mo y para qu\u00e9 utilizamos las cookies.<\/p><hr data-start=\"2827\" data-end=\"2830\" \/><h2 data-section-id=\"1izk19s\" data-start=\"2832\" data-end=\"2859\">6. Informaci\u00f3n adicional<\/h2><p data-start=\"2861\" data-end=\"3018\">Para obtener m\u00e1s informaci\u00f3n sobre el tratamiento de datos personales, puede consultar nuestra <strong data-start=\"2956\" data-end=\"2982\">Pol\u00edtica de Privacidad<\/strong> disponible en este mismo sitio web.<\/p>\t\t\t\t\t\t\t\t<\/div>\n\t\t\t\t<\/div>\n\t\t\t\t\t<\/div>\n\t\t\t\t<\/div>\n\t\t\t\t<\/div>","protected":false},"excerpt":{"rendered":"<p>Pol\u00edtica de Cookies 1. \u00bfQu\u00e9 son las cookies? Las cookies son peque\u00f1os archivos de texto que se almacenan en el navegador del usuario cuando visita un sitio web. Su funci\u00f3n principal es recordar informaci\u00f3n sobre la visita para mejorar la experiencia de navegaci\u00f3n, permitir determinadas funcionalidades del sitio web y recopilar informaci\u00f3n estad\u00edstica sobre el [&hellip;]<\/p>\n","protected":false},"author":1,"featured_media":0,"parent":0,"menu_order":0,"comment_status":"closed","ping_status":"closed","template":"","meta":{"_uag_custom_page_level_css":"","site-sidebar-layout":"no-sidebar","site-content-layout":"page-builder","ast-site-content-layout":"full-width-container","site-content-style":"default","site-sidebar-style":"default","ast-global-header-display":"","ast-banner-title-visibility":"","ast-main-header-display":"","ast-hfb-above-header-display":"","ast-hfb-below-header-display":"","ast-hfb-mobile-header-display":"","site-post-title":"disabled","ast-breadcrumbs-content":"","ast-featured-img":"disabled","footer-sml-layout":"","ast-disable-related-posts":"","theme-transparent-header-meta":"","adv-header-id-meta":"","stick-header-meta":"","header-above-stick-meta":"","header-main-stick-meta":"","header-below-stick-meta":"","astra-migrate-meta-layouts":"set","ast-page-background-enabled":"default","ast-page-background-meta":{"desktop":{"background-color":"","background-image":"","background-repeat":"repeat","background-position":"center center","background-size":"auto","background-attachment":"scroll","background-type":"","background-media":"","overlay-type":"","overlay-color":"","overlay-opacity":"","overlay-gradient":""},"tablet":{"background-color":"","background-image":"","background-repeat":"repeat","background-position":"center center","background-size":"auto","background-attachment":"scroll","background-type":"","background-media":"","overlay-type":"","overlay-color":"","overlay-opacity":"","overlay-gradient":""},"mobile":{"background-color":"","background-image":"","background-repeat":"repeat","background-position":"center center","background-size":"auto","background-attachment":"scroll","background-type":"","background-media":"","overlay-type":"","overlay-color":"","overlay-opacity":"","overlay-gradient":""}},"ast-content-background-meta":{"desktop":{"background-color":"var(--ast-global-color-5)","background-image":"","background-repeat":"repeat","background-position":"center center","background-size":"auto","background-attachment":"scroll","background-type":"","background-media":"","overlay-type":"","overlay-color":"","overlay-opacity":"","overlay-gradient":""},"tablet":{"background-color":"var(--ast-global-color-5)","background-image":"","background-repeat":"repeat","background-position":"center center","background-size":"auto","background-attachment":"scroll","background-type":"","background-media":"","overlay-type":"","overlay-color":"","overlay-opacity":"","overlay-gradient":""},"mobile":{"background-color":"var(--ast-global-color-5)","background-image":"","background-repeat":"repeat","background-position":"center center","background-size":"auto","background-attachment":"scroll","background-type":"","background-media":"","overlay-type":"","overlay-color":"","overlay-opacity":"","overlay-gradient":""}},"footnotes":""},"class_list":["post-3440","page","type-page","status-publish","hentry"],"aioseo_notices":[],"_hostinger_reach_plugin_has_subscription_block":false,"_hostinger_reach_plugin_is_elementor":false,"uagb_featured_image_src":{"full":false,"thumbnail":false,"medium":false,"medium_large":false,"large":false,"1536x1536":false,"2048x2048":false,"trp-custom-language-flag":false},"uagb_author_info":{"display_name":"racreformas4@gmail.com","author_link":"https:\/\/racreformas.es\/en\/author\/racreformas4gmail-com\/"},"uagb_comment_info":0,"uagb_excerpt":"Pol\u00edtica de Cookies 1. \u00bfQu\u00e9 son las cookies? Las cookies son peque\u00f1os archivos de texto que se almacenan en el navegador del usuario cuando visita un sitio web. Su funci\u00f3n principal es recordar informaci\u00f3n sobre la visita para mejorar la experiencia de navegaci\u00f3n, permitir determinadas funcionalidades del sitio web y recopilar informaci\u00f3n estad\u00edstica sobre el&hellip;","_links":{"self":[{"href":"https:\/\/racreformas.es\/en\/wp-json\/wp\/v2\/pages\/3440","targetHints":{"allow":["GET"]}}],"collection":[{"href":"https:\/\/racreformas.es\/en\/wp-json\/wp\/v2\/pages"}],"about":[{"href":"https:\/\/racreformas.es\/en\/wp-json\/wp\/v2\/types\/page"}],"author":[{"embeddable":true,"href":"https:\/\/racreformas.es\/en\/wp-json\/wp\/v2\/users\/1"}],"replies":[{"embeddable":true,"href":"https:\/\/racreformas.es\/en\/wp-json\/wp\/v2\/comments?post=3440"}],"version-history":[{"count":7,"href":"https:\/\/racreformas.es\/en\/wp-json\/wp\/v2\/pages\/3440\/revisions"}],"predecessor-version":[{"id":3467,"href":"https:\/\/racreformas.es\/en\/wp-json\/wp\/v2\/pages\/3440\/revisions\/3467"}],"wp:attachment":[{"href":"https:\/\/racreformas.es\/en\/wp-json\/wp\/v2\/media?parent=3440"}],"curies":[{"name":"wp","href":"https:\/\/api.w.org\/{rel}","templated":true}]}}